{"id":321,"date":"2021-09-17T08:11:20","date_gmt":"2021-09-17T08:11:20","guid":{"rendered":"http:\/\/meteorcee.com\/?page_id=321"},"modified":"2021-11-18T21:32:08","modified_gmt":"2021-11-18T21:32:08","slug":"apparel","status":"publish","type":"page","link":"https:\/\/meteorcee.com\/pl\/apparel\/","title":{"rendered":"Odzie\u017c"},"content":{"rendered":"<div data-elementor-type=\"wp-page\" data-elementor-id=\"321\" class=\"elementor elementor-321\" data-elementor-post-type=\"page\">\n\t\t\t\t\t\t<section class=\"elementor-section elementor-top-section elementor-element elementor-element-749a4753 elementor-section-height-min-height elementor-section-boxed elementor-section-height-default elementor-section-items-middle\" data-id=\"749a4753\" data-element_type=\"section\" data-settings=\"{&quot;background_background&quot;:&quot;classic&quot;}\">\n\t\t\t\t\t\t\t<div class=\"elementor-background-overlay\"><\/div>\n\t\t\t\t\t\t\t<div class=\"elementor-container elementor-column-gap-default\">\n\t\t\t\t\t<div class=\"elementor-column elementor-col-100 elementor-top-column elementor-element elementor-element-13646761\" data-id=\"13646761\" data-element_type=\"column\">\n\t\t\t<div class=\"elementor-widget-wrap elementor-element-populated\">\n\t\t\t\t\t\t<div class=\"elementor-element elementor-element-609209cd elementor-invisible elementor-widget elementor-widget-heading\" data-id=\"609209cd\" data-element_type=\"widget\" data-settings=\"{&quot;_animation&quot;:&quot;fadeInUp&quot;}\" data-widget_type=\"heading.default\">\n\t\t\t\t<div class=\"elementor-widget-container\">\n\t\t\t\t\t<h2 class=\"elementor-heading-title elementor-size-default\">Odzie\u017c<\/h2>\t\t\t\t<\/div>\n\t\t\t\t<\/div>\n\t\t\t\t\t<\/div>\n\t\t<\/div>\n\t\t\t\t\t<\/div>\n\t\t<\/section>\n\t\t\t\t<section class=\"elementor-section elementor-top-section elementor-element elementor-element-24c30a1b elementor-section-boxed elementor-section-height-default elementor-section-height-default\" data-id=\"24c30a1b\" data-element_type=\"section\">\n\t\t\t\t\t\t<div class=\"elementor-container elementor-column-gap-default\">\n\t\t\t\t\t<div class=\"elementor-column elementor-col-100 elementor-top-column elementor-element elementor-element-1e0464da\" data-id=\"1e0464da\" data-element_type=\"column\">\n\t\t\t<div class=\"elementor-widget-wrap elementor-element-populated\">\n\t\t\t\t\t\t<div class=\"elementor-element elementor-element-46b8b60a elementor-widget elementor-widget-heading\" data-id=\"46b8b60a\" data-element_type=\"widget\" data-widget_type=\"heading.default\">\n\t\t\t\t<div class=\"elementor-widget-container\">\n\t\t\t\t\t<h2 class=\"elementor-heading-title elementor-size-default\">Odzie\u017c<\/h2>\t\t\t\t<\/div>\n\t\t\t\t<\/div>\n\t\t\t\t<div class=\"elementor-element elementor-element-3ca06b6b elementor-widget elementor-widget-text-editor\" data-id=\"3ca06b6b\" data-element_type=\"widget\" data-widget_type=\"text-editor.default\">\n\t\t\t\t<div class=\"elementor-widget-container\">\n\t\t\t\t\t\t\t\t\t<p>Meteor CEE jest dystrybutorem licencyjnych tekstyli\u00f3w dla dzieci, m\u0142odzie\u017cy i doros\u0142ych: Odzie\u017c wierzchnia, Obuwie domowe, Bielizna nocna, Skarpety, Stroje k\u0105pielowe, Bielizna.<\/p>\t\t\t\t\t\t\t\t<\/div>\n\t\t\t\t<\/div>\n\t\t\t\t\t<\/div>\n\t\t<\/div>\n\t\t\t\t\t<\/div>\n\t\t<\/section>\n\t\t\t\t<section class=\"elementor-section elementor-top-section elementor-element elementor-element-d65744b elementor-section-boxed elementor-section-height-default elementor-section-height-default\" data-id=\"d65744b\" data-element_type=\"section\">\n\t\t\t\t\t\t<div class=\"elementor-container elementor-column-gap-default\">\n\t\t\t\t\t<div class=\"elementor-column elementor-col-50 elementor-top-column elementor-element elementor-element-8e58718\" data-id=\"8e58718\" data-element_type=\"column\">\n\t\t\t<div class=\"elementor-widget-wrap elementor-element-populated\">\n\t\t\t\t\t\t<div class=\"elementor-element elementor-element-1d198d9 elementor-widget elementor-widget-image\" data-id=\"1d198d9\" data-element_type=\"widget\" data-widget_type=\"image.default\">\n\t\t\t\t<div class=\"elementor-widget-container\">\n\t\t\t\t\t\t\t\t\t\t\t\t\t\t\t<img fetchpriority=\"high\" decoding=\"async\" width=\"800\" height=\"400\" src=\"https:\/\/meteorcee.com\/wp-content\/uploads\/2021\/09\/kislanyos_1200x600-1024x512.png\" class=\"attachment-large size-large wp-image-377\" alt=\"\" srcset=\"https:\/\/meteorcee.com\/wp-content\/uploads\/2021\/09\/kislanyos_1200x600-1024x512.png 1024w, https:\/\/meteorcee.com\/wp-content\/uploads\/2021\/09\/kislanyos_1200x600-300x150.png 300w, https:\/\/meteorcee.com\/wp-content\/uploads\/2021\/09\/kislanyos_1200x600-768x384.png 768w, https:\/\/meteorcee.com\/wp-content\/uploads\/2021\/09\/kislanyos_1200x600.png 1200w\" sizes=\"(max-width: 800px) 100vw, 800px\" \/>\t\t\t\t\t\t\t\t\t\t\t\t\t\t\t<\/div>\n\t\t\t\t<\/div>\n\t\t\t\t\t<\/div>\n\t\t<\/div>\n\t\t\t\t<div class=\"elementor-column elementor-col-50 elementor-top-column elementor-element elementor-element-037e129\" data-id=\"037e129\" data-element_type=\"column\">\n\t\t\t<div class=\"elementor-widget-wrap elementor-element-populated\">\n\t\t\t\t\t\t<div class=\"elementor-element elementor-element-0158ce6 elementor-widget elementor-widget-image\" data-id=\"0158ce6\" data-element_type=\"widget\" data-widget_type=\"image.default\">\n\t\t\t\t<div class=\"elementor-widget-container\">\n\t\t\t\t\t\t\t\t\t\t\t\t\t\t\t<img decoding=\"async\" width=\"800\" height=\"400\" src=\"https:\/\/meteorcee.com\/wp-content\/uploads\/2021\/09\/kisfius_1200x600-1024x512.png\" class=\"attachment-large size-large wp-image-376\" alt=\"\" srcset=\"https:\/\/meteorcee.com\/wp-content\/uploads\/2021\/09\/kisfius_1200x600-1024x512.png 1024w, https:\/\/meteorcee.com\/wp-content\/uploads\/2021\/09\/kisfius_1200x600-300x150.png 300w, https:\/\/meteorcee.com\/wp-content\/uploads\/2021\/09\/kisfius_1200x600-768x384.png 768w, https:\/\/meteorcee.com\/wp-content\/uploads\/2021\/09\/kisfius_1200x600.png 1200w\" sizes=\"(max-width: 800px) 100vw, 800px\" \/>\t\t\t\t\t\t\t\t\t\t\t\t\t\t\t<\/div>\n\t\t\t\t<\/div>\n\t\t\t\t\t<\/div>\n\t\t<\/div>\n\t\t\t\t\t<\/div>\n\t\t<\/section>\n\t\t\t\t<section class=\"elementor-section elementor-top-section elementor-element elementor-element-62a8c27 elementor-section-boxed elementor-section-height-default elementor-section-height-default\" data-id=\"62a8c27\" data-element_type=\"section\">\n\t\t\t\t\t\t<div class=\"elementor-container elementor-column-gap-default\">\n\t\t\t\t\t<div class=\"elementor-column elementor-col-50 elementor-top-column elementor-element elementor-element-e106dce\" data-id=\"e106dce\" data-element_type=\"column\">\n\t\t\t<div class=\"elementor-widget-wrap elementor-element-populated\">\n\t\t\t\t\t\t<div class=\"elementor-element elementor-element-b970987 elementor-widget elementor-widget-image\" data-id=\"b970987\" data-element_type=\"widget\" data-widget_type=\"image.default\">\n\t\t\t\t<div class=\"elementor-widget-container\">\n\t\t\t\t\t\t\t\t\t\t\t\t\t\t\t<img decoding=\"async\" width=\"800\" height=\"400\" src=\"https:\/\/meteorcee.com\/wp-content\/uploads\/2021\/09\/nagylanyos_1200x600-1024x512.png\" class=\"attachment-large size-large wp-image-379\" alt=\"\" srcset=\"https:\/\/meteorcee.com\/wp-content\/uploads\/2021\/09\/nagylanyos_1200x600-1024x512.png 1024w, https:\/\/meteorcee.com\/wp-content\/uploads\/2021\/09\/nagylanyos_1200x600-300x150.png 300w, https:\/\/meteorcee.com\/wp-content\/uploads\/2021\/09\/nagylanyos_1200x600-768x384.png 768w, https:\/\/meteorcee.com\/wp-content\/uploads\/2021\/09\/nagylanyos_1200x600.png 1200w\" sizes=\"(max-width: 800px) 100vw, 800px\" \/>\t\t\t\t\t\t\t\t\t\t\t\t\t\t\t<\/div>\n\t\t\t\t<\/div>\n\t\t\t\t\t<\/div>\n\t\t<\/div>\n\t\t\t\t<div class=\"elementor-column elementor-col-50 elementor-top-column elementor-element elementor-element-57ae4e1\" data-id=\"57ae4e1\" data-element_type=\"column\">\n\t\t\t<div class=\"elementor-widget-wrap elementor-element-populated\">\n\t\t\t\t\t\t<div class=\"elementor-element elementor-element-5c1d8d6 elementor-widget elementor-widget-image\" data-id=\"5c1d8d6\" data-element_type=\"widget\" data-widget_type=\"image.default\">\n\t\t\t\t<div class=\"elementor-widget-container\">\n\t\t\t\t\t\t\t\t\t\t\t\t\t\t\t<img loading=\"lazy\" decoding=\"async\" width=\"800\" height=\"400\" src=\"https:\/\/meteorcee.com\/wp-content\/uploads\/2021\/09\/nagyfius_1200x600-1024x512.png\" class=\"attachment-large size-large wp-image-378\" alt=\"\" srcset=\"https:\/\/meteorcee.com\/wp-content\/uploads\/2021\/09\/nagyfius_1200x600-1024x512.png 1024w, https:\/\/meteorcee.com\/wp-content\/uploads\/2021\/09\/nagyfius_1200x600-300x150.png 300w, https:\/\/meteorcee.com\/wp-content\/uploads\/2021\/09\/nagyfius_1200x600-768x384.png 768w, https:\/\/meteorcee.com\/wp-content\/uploads\/2021\/09\/nagyfius_1200x600.png 1200w\" sizes=\"(max-width: 800px) 100vw, 800px\" \/>\t\t\t\t\t\t\t\t\t\t\t\t\t\t\t<\/div>\n\t\t\t\t<\/div>\n\t\t\t\t\t<\/div>\n\t\t<\/div>\n\t\t\t\t\t<\/div>\n\t\t<\/section>\n\t\t\t\t<\/div>","protected":false},"excerpt":{"rendered":"<p>Apparel Apparel MeteorCEE offers an allround service in the category apparel. We design, produce and distribute together with our customers license and non-license textiles for kids, teens, babys and adults in the following categories: Nightwear, Underwear, Outerwear, Swimwear, Socks and home shoes.<\/p>","protected":false},"author":1,"featured_media":0,"parent":0,"menu_order":0,"comment_status":"closed","ping_status":"closed","template":"","meta":{"footnotes":""},"class_list":["post-321","page","type-page","status-publish","hentry"],"_links":{"self":[{"href":"https:\/\/meteorcee.com\/pl\/wp-json\/wp\/v2\/pages\/321","targetHints":{"allow":["GET"]}}],"collection":[{"href":"https:\/\/meteorcee.com\/pl\/wp-json\/wp\/v2\/pages"}],"about":[{"href":"https:\/\/meteorcee.com\/pl\/wp-json\/wp\/v2\/types\/page"}],"author":[{"embeddable":true,"href":"https:\/\/meteorcee.com\/pl\/wp-json\/wp\/v2\/users\/1"}],"replies":[{"embeddable":true,"href":"https:\/\/meteorcee.com\/pl\/wp-json\/wp\/v2\/comments?post=321"}],"version-history":[{"count":31,"href":"https:\/\/meteorcee.com\/pl\/wp-json\/wp\/v2\/pages\/321\/revisions"}],"predecessor-version":[{"id":562,"href":"https:\/\/meteorcee.com\/pl\/wp-json\/wp\/v2\/pages\/321\/revisions\/562"}],"wp:attachment":[{"href":"https:\/\/meteorcee.com\/pl\/wp-json\/wp\/v2\/media?parent=321"}],"curies":[{"name":"wp","href":"https:\/\/api.w.org\/{rel}","templated":true}]}}