{"id":5,"date":"2021-08-01T19:31:02","date_gmt":"2021-08-01T19:31:02","guid":{"rendered":"http:\/\/meteorcee.com\/?page_id=5"},"modified":"2021-08-01T19:31:02","modified_gmt":"2021-08-01T19:31:02","slug":"adatvedelmi-tajekoztato","status":"publish","type":"page","link":"https:\/\/meteorcee.com\/hr\/adatvedelmi-tajekoztato\/","title":{"rendered":"Adatv\u00e9delmi t\u00e1j\u00e9koztat\u00f3"},"content":{"rendered":"","protected":false},"excerpt":{"rendered":"","protected":false},"author":1,"featured_media":0,"parent":0,"menu_order":0,"comment_status":"closed","ping_status":"closed","template":"","meta":{"footnotes":""},"class_list":["post-5","page","type-page","status-publish","hentry"],"_links":{"self":[{"href":"https:\/\/meteorcee.com\/hr\/wp-json\/wp\/v2\/pages\/5","targetHints":{"allow":["GET"]}}],"collection":[{"href":"https:\/\/meteorcee.com\/hr\/wp-json\/wp\/v2\/pages"}],"about":[{"href":"https:\/\/meteorcee.com\/hr\/wp-json\/wp\/v2\/types\/page"}],"author":[{"embeddable":true,"href":"https:\/\/meteorcee.com\/hr\/wp-json\/wp\/v2\/users\/1"}],"replies":[{"embeddable":true,"href":"https:\/\/meteorcee.com\/hr\/wp-json\/wp\/v2\/comments?post=5"}],"version-history":[{"count":1,"href":"https:\/\/meteorcee.com\/hr\/wp-json\/wp\/v2\/pages\/5\/revisions"}],"predecessor-version":[{"id":6,"href":"https:\/\/meteorcee.com\/hr\/wp-json\/wp\/v2\/pages\/5\/revisions\/6"}],"wp:attachment":[{"href":"https:\/\/meteorcee.com\/hr\/wp-json\/wp\/v2\/media?parent=5"}],"curies":[{"name":"wp","href":"https:\/\/api.w.org\/{rel}","templated":true}]}}