{"id":43,"date":"2021-08-06T20:05:19","date_gmt":"2021-08-06T20:05:19","guid":{"rendered":"http:\/\/meteorcee.com\/?page_id=43"},"modified":"2024-09-17T10:15:09","modified_gmt":"2024-09-17T10:15:09","slug":"drogeria","status":"publish","type":"page","link":"https:\/\/meteorcee.com\/hr\/drogeria\/","title":{"rendered":"Drog\u00e9ria"},"content":{"rendered":"<div data-elementor-type=\"wp-page\" data-elementor-id=\"43\" class=\"elementor elementor-43\" data-elementor-post-type=\"page\">\n\t\t\t\t\t\t<section class=\"elementor-section elementor-top-section elementor-element elementor-element-5c5c05a elementor-section-height-min-height elementor-section-boxed elementor-section-height-default elementor-section-items-middle\" data-id=\"5c5c05a\" data-element_type=\"section\" data-settings=\"{&quot;background_background&quot;:&quot;classic&quot;}\">\n\t\t\t\t\t\t\t<div class=\"elementor-background-overlay\"><\/div>\n\t\t\t\t\t\t\t<div class=\"elementor-container elementor-column-gap-default\">\n\t\t\t\t\t<div class=\"elementor-column elementor-col-100 elementor-top-column elementor-element elementor-element-6df8651\" data-id=\"6df8651\" data-element_type=\"column\">\n\t\t\t<div class=\"elementor-widget-wrap elementor-element-populated\">\n\t\t\t\t\t\t<div class=\"elementor-element elementor-element-c710ebe elementor-invisible elementor-widget elementor-widget-heading\" data-id=\"c710ebe\" data-element_type=\"widget\" data-settings=\"{&quot;_animation&quot;:&quot;fadeInUp&quot;}\" data-widget_type=\"heading.default\">\n\t\t\t\t<div class=\"elementor-widget-container\">\n\t\t\t\t\t<h2 class=\"elementor-heading-title elementor-size-default\">Kozmetika<\/h2>\t\t\t\t<\/div>\n\t\t\t\t<\/div>\n\t\t\t\t\t<\/div>\n\t\t<\/div>\n\t\t\t\t\t<\/div>\n\t\t<\/section>\n\t\t\t\t<section class=\"elementor-section elementor-top-section elementor-element elementor-element-fd577eb elementor-section-boxed elementor-section-height-default elementor-section-height-default\" data-id=\"fd577eb\" data-element_type=\"section\">\n\t\t\t\t\t\t<div class=\"elementor-container elementor-column-gap-default\">\n\t\t\t\t\t<div class=\"elementor-column elementor-col-50 elementor-top-column elementor-element elementor-element-bff6162\" data-id=\"bff6162\" data-element_type=\"column\">\n\t\t\t<div class=\"elementor-widget-wrap elementor-element-populated\">\n\t\t\t\t\t\t<div class=\"elementor-element elementor-element-5e00110 elementor-widget elementor-widget-image\" data-id=\"5e00110\" data-element_type=\"widget\" data-widget_type=\"image.default\">\n\t\t\t\t<div class=\"elementor-widget-container\">\n\t\t\t\t\t\t\t\t\t\t\t\t\t\t\t<img fetchpriority=\"high\" decoding=\"async\" width=\"800\" height=\"400\" src=\"https:\/\/meteorcee.com\/wp-content\/uploads\/2021\/09\/snails_1200x600-1024x512.png\" class=\"attachment-large size-large wp-image-308\" alt=\"\" srcset=\"https:\/\/meteorcee.com\/wp-content\/uploads\/2021\/09\/snails_1200x600-1024x512.png 1024w, https:\/\/meteorcee.com\/wp-content\/uploads\/2021\/09\/snails_1200x600-300x150.png 300w, https:\/\/meteorcee.com\/wp-content\/uploads\/2021\/09\/snails_1200x600-768x384.png 768w, https:\/\/meteorcee.com\/wp-content\/uploads\/2021\/09\/snails_1200x600.png 1200w\" sizes=\"(max-width: 800px) 100vw, 800px\" \/>\t\t\t\t\t\t\t\t\t\t\t\t\t\t\t<\/div>\n\t\t\t\t<\/div>\n\t\t\t\t\t<\/div>\n\t\t<\/div>\n\t\t\t\t<div class=\"elementor-column elementor-col-50 elementor-top-column elementor-element elementor-element-b05074f\" data-id=\"b05074f\" data-element_type=\"column\">\n\t\t\t<div class=\"elementor-widget-wrap elementor-element-populated\">\n\t\t\t\t\t\t<div class=\"elementor-element elementor-element-70c3316 elementor-widget elementor-widget-heading\" data-id=\"70c3316\" data-element_type=\"widget\" data-widget_type=\"heading.default\">\n\t\t\t\t<div class=\"elementor-widget-container\">\n\t\t\t\t\t<h2 class=\"elementor-heading-title elementor-size-default\">Lakovi za nokte na bazi vode, naljepnice za nokte I jo\u0161 mnogo toga za djecu<\/h2>\t\t\t\t<\/div>\n\t\t\t\t<\/div>\n\t\t\t\t<div class=\"elementor-element elementor-element-185151b elementor-widget elementor-widget-text-editor\" data-id=\"185151b\" data-element_type=\"widget\" data-widget_type=\"text-editor.default\">\n\t\t\t\t<div class=\"elementor-widget-container\">\n\t\t\t\t\t\t\t\t\t<p class=\"v1MsoNormal\">U potrazi za malim zdravim noktima,  Snails ide ispred obi\u010dnih dje\u010djih lakova za nokte. Prvi je proizveo 12-Free na svijetu, dje\u010dji lak za nokte, na bazi vode, koji se i uklanja vodom.<\/p><p class=\"v1MsoNormal\">Strogi europski zakoni o kozmetici garantiraju sigurnost i isklju\u010duju \u0161tetne kemikalije.<\/p><p class=\"v1MsoNormal\">U Snails ponudi mo\u017eete prona\u0107i lakove za nokte, sjajila za usnice, privremene tetova\u017ee, krede za kosu i mnogo drugih stvari me\u0111u.<\/p>\t\t\t\t\t\t\t\t<\/div>\n\t\t\t\t<\/div>\n\t\t\t\t\t<\/div>\n\t\t<\/div>\n\t\t\t\t\t<\/div>\n\t\t<\/section>\n\t\t\t\t<\/div>","protected":false},"excerpt":{"rendered":"<p>Beauty Care Water based nailpolish, nail sticker &#038; more for kids In a quest for healthy little nails,\u00a0the Snails brand\u00a0goes beyond ordinary children nail polish and creates the first 12-Free, water based and washable French kids nail polish in the world. The stringent European cosmetic laws guarantee the safety and exclusion of any harmful chemicals. [&hellip;]<\/p>","protected":false},"author":1,"featured_media":0,"parent":0,"menu_order":0,"comment_status":"closed","ping_status":"closed","template":"","meta":{"footnotes":""},"class_list":["post-43","page","type-page","status-publish","hentry"],"_links":{"self":[{"href":"https:\/\/meteorcee.com\/hr\/wp-json\/wp\/v2\/pages\/43","targetHints":{"allow":["GET"]}}],"collection":[{"href":"https:\/\/meteorcee.com\/hr\/wp-json\/wp\/v2\/pages"}],"about":[{"href":"https:\/\/meteorcee.com\/hr\/wp-json\/wp\/v2\/types\/page"}],"author":[{"embeddable":true,"href":"https:\/\/meteorcee.com\/hr\/wp-json\/wp\/v2\/users\/1"}],"replies":[{"embeddable":true,"href":"https:\/\/meteorcee.com\/hr\/wp-json\/wp\/v2\/comments?post=43"}],"version-history":[{"count":31,"href":"https:\/\/meteorcee.com\/hr\/wp-json\/wp\/v2\/pages\/43\/revisions"}],"predecessor-version":[{"id":682,"href":"https:\/\/meteorcee.com\/hr\/wp-json\/wp\/v2\/pages\/43\/revisions\/682"}],"wp:attachment":[{"href":"https:\/\/meteorcee.com\/hr\/wp-json\/wp\/v2\/media?parent=43"}],"curies":[{"name":"wp","href":"https:\/\/api.w.org\/{rel}","templated":true}]}}